{"id":154,"date":"2014-11-11T00:36:06","date_gmt":"2014-11-11T00:36:06","guid":{"rendered":"https:\/\/www.chipude.es\/?page_id=154"},"modified":"2016-09-27T23:47:25","modified_gmt":"2016-09-27T23:47:25","slug":"links","status":"publish","type":"page","link":"https:\/\/www.chipude.es\/de\/links\/","title":{"rendered":"Links"},"content":{"rendered":"<p>W<span id=\"result_box\" class=\"short_text\" lang=\"de\"><span class=\"hps\">ir<\/span> <span class=\"hps\">empfehlen<\/span><\/span> diese links:<\/p>\n<p><a href=\"http:\/\/www.parquesnacionalesdecanarias.com\/es\/Garajonay\/\" target=\"_blank\">Garajonay National Park<\/a><\/p>\n<p><a href=\"http:\/\/www.lagomera.travel\/canary-islands\/la-gomera\/en\/\" target=\"_blank\">Tourismus-Website auf La Gomera<\/a><\/p>\n<p><a href=\"http:\/\/www.alimentosdelagomera.com\" target=\"_blank\">Typisches Essen auf La Gomera<\/a><\/p>\n<p>Rathaus von die Inseln:<\/p>\n<ul>\n<li><a href=\"http:\/\/www.agulo.org\" target=\"_blank\">Agulo<\/a><\/li>\n<li><a href=\"http:\/\/www.alajero.es\" target=\"_blank\">Alajer\u00f3<\/a><\/li>\n<li><a href=\"http:\/\/www.hermigua.org\" target=\"_blank\">Hermigua<\/a><\/li>\n<li><a href=\"http:\/\/www.sansebastiangomera.org\/turismo\" target=\"_blank\">San Sebasti\u00e1n<\/a><\/li>\n<li><a href=\"http:\/\/www.vallegranrey.es\/turismo\" target=\"_blank\">Valle Gran Rey<\/a><\/li>\n<li><a href=\"http:\/\/www.vallehermosoweb.es\" target=\"_blank\">Vallehermoso<\/a><\/li>\n<\/ul>\n<p><a href=\"http:\/\/www.gomeraexperience.co.uk\/\" target=\"_blank\">Gomera Experience<\/a><\/p>\n<p><a href=\"http:\/\/www.turismososteniblelagomera.com\" target=\"_blank\">Web CETS La Gomera<\/a><\/p>\n<p>Informationen zu \u00f6ffentlichen Verkehrsmitteln:<\/p>\n<ul>\n<li><a href=\"http:\/\/www.guaguagomera.com\" target=\"_blank\">Guaguas-Gomera<\/a><\/li>\n<li>Taxis:\n<ul>\n<li>\n<table class=\"table table-bordered table-condensed\" style=\"height: 497px;\" width=\"731\">\n<thead>\n<tr>\n<th>Gemienden<\/th>\n<th>Telefonnummer<\/th>\n<\/tr>\n<\/thead>\n<tbody>\n<tr>\n<td>San Sebastian<\/td>\n<td>+34 922 870 524<\/td>\n<\/tr>\n<tr>\n<td>Tecina \/ Playa de Santiago<\/td>\n<td>+34 922 895 300<\/td>\n<\/tr>\n<tr>\n<td>Plaza de Playa de Santiago \/ Aeropuerto \/ Alajer\u00f3<\/td>\n<td>+34 922 895 022<\/td>\n<\/tr>\n<tr>\n<td>Central de Radio-Taxi Alajer\u00f3<\/td>\n<td>+34 922 697 029<\/td>\n<\/tr>\n<tr>\n<td>Agulo<\/td>\n<td>+34 922 801 074<\/td>\n<\/tr>\n<tr>\n<td>Vallehermoso<\/td>\n<td>+34 922 800 000<\/td>\n<\/tr>\n<tr>\n<td>Hermigua<\/td>\n<td>+34 922 880 047<\/td>\n<\/tr>\n<tr>\n<td>Valle Gran Rey<\/td>\n<td>+34 922 80 50 58<\/td>\n<\/tr>\n<\/tbody>\n<\/table>\n<\/li>\n<\/ul>\n<\/li>\n<\/ul>\n<p><\/p>","protected":false},"excerpt":{"rendered":"<p>Wir empfehlen diese links: Garajonay National Park Tourismus-Website auf La Gomera Typisches Essen auf La Gomera Rathaus von die Inseln: Agulo Alajer\u00f3 Hermigua San Sebasti\u00e1n Valle Gran Rey Vallehermoso Gomera Experience Web CETS La Gomera Informationen zu \u00f6ffentlichen Verkehrsmitteln: Guaguas-Gomera Taxis: Gemienden Telefonnummer San Sebastian +34 922 870 524 Tecina\u2026<\/p>\n<p> <a class=\"continue-reading-link\" href=\"https:\/\/www.chipude.es\/de\/links\/\"><span>Continue reading<\/span><i class=\"crycon-right-dir\"><\/i><\/a> <\/p>\n","protected":false},"author":1,"featured_media":0,"parent":0,"menu_order":7,"comment_status":"closed","ping_status":"closed","template":"","meta":{"footnotes":""},"_links":{"self":[{"href":"https:\/\/www.chipude.es\/de\/wp-json\/wp\/v2\/pages\/154"}],"collection":[{"href":"https:\/\/www.chipude.es\/de\/wp-json\/wp\/v2\/pages"}],"about":[{"href":"https:\/\/www.chipude.es\/de\/wp-json\/wp\/v2\/types\/page"}],"author":[{"embeddable":true,"href":"https:\/\/www.chipude.es\/de\/wp-json\/wp\/v2\/users\/1"}],"replies":[{"embeddable":true,"href":"https:\/\/www.chipude.es\/de\/wp-json\/wp\/v2\/comments?post=154"}],"version-history":[{"count":12,"href":"https:\/\/www.chipude.es\/de\/wp-json\/wp\/v2\/pages\/154\/revisions"}],"predecessor-version":[{"id":264,"href":"https:\/\/www.chipude.es\/de\/wp-json\/wp\/v2\/pages\/154\/revisions\/264"}],"wp:attachment":[{"href":"https:\/\/www.chipude.es\/de\/wp-json\/wp\/v2\/media?parent=154"}],"curies":[{"name":"wp","href":"https:\/\/api.w.org\/{rel}","templated":true}]}}