{"id":130,"date":"2014-11-10T23:21:02","date_gmt":"2014-11-10T23:21:02","guid":{"rendered":"https:\/\/www.chipude.es\/?page_id=130"},"modified":"2014-11-25T00:34:43","modified_gmt":"2014-11-25T00:34:43","slug":"bar","status":"publish","type":"page","link":"https:\/\/www.chipude.es\/fr\/bar\/","title":{"rendered":"Bar"},"content":{"rendered":"<p><div id=\"attachment_217\" style=\"width: 310px\" class=\"wp-caption alignleft\"><a href=\"https:\/\/www.chipude.es\/wp-content\/uploads\/2014\/11\/barhotelsonia30.jpg\"><img loading=\"lazy\" decoding=\"async\" aria-describedby=\"caption-attachment-217\" class=\"wp-image-217 size-medium\" src=\"https:\/\/www.chipude.es\/wp-content\/uploads\/2014\/11\/barhotelsonia30-300x200.jpg\" alt=\"barhotelsonia30\" width=\"300\" height=\"200\" srcset=\"https:\/\/www.chipude.es\/wp-content\/uploads\/2014\/11\/barhotelsonia30-300x200.jpg 300w, https:\/\/www.chipude.es\/wp-content\/uploads\/2014\/11\/barhotelsonia30-1024x682.jpg 1024w, https:\/\/www.chipude.es\/wp-content\/uploads\/2014\/11\/barhotelsonia30-225x150.jpg 225w, https:\/\/www.chipude.es\/wp-content\/uploads\/2014\/11\/barhotelsonia30-150x100.jpg 150w, https:\/\/www.chipude.es\/wp-content\/uploads\/2014\/11\/barhotelsonia30.jpg 1152w\" sizes=\"(max-width: 300px) 100vw, 300px\" \/><\/a><p id=\"caption-attachment-217\" class=\"wp-caption-text\">Bar Restaurant<\/p><\/div><\/p>\n<h3>Dans notre bar vous pourrez d\u00e9guster nos plats faits maison avec un service professionnelle. Si vous voulez vous r\u00e9cuperer apr\u00e8s votre balade touristique, il n&rsquo;y a riens de mieux que des plats typiques fait avec des produits de qualit\u00e9s et surtout avec amour.<\/h3>\n<p><\/p>","protected":false},"excerpt":{"rendered":"<p>Dans notre bar vous pourrez d\u00e9guster nos plats faits maison avec un service professionnelle. Si vous voulez vous r\u00e9cuperer apr\u00e8s votre balade touristique, il n&rsquo;y a riens de mieux que des plats typiques fait avec des produits de qualit\u00e9s et surtout avec amour.<\/p>\n<p> <a class=\"continue-reading-link\" href=\"https:\/\/www.chipude.es\/fr\/bar\/\"><span>Continue reading<\/span><i class=\"crycon-right-dir\"><\/i><\/a> <\/p>\n","protected":false},"author":1,"featured_media":0,"parent":0,"menu_order":2,"comment_status":"open","ping_status":"closed","template":"","meta":{"footnotes":""},"_links":{"self":[{"href":"https:\/\/www.chipude.es\/fr\/wp-json\/wp\/v2\/pages\/130"}],"collection":[{"href":"https:\/\/www.chipude.es\/fr\/wp-json\/wp\/v2\/pages"}],"about":[{"href":"https:\/\/www.chipude.es\/fr\/wp-json\/wp\/v2\/types\/page"}],"author":[{"embeddable":true,"href":"https:\/\/www.chipude.es\/fr\/wp-json\/wp\/v2\/users\/1"}],"replies":[{"embeddable":true,"href":"https:\/\/www.chipude.es\/fr\/wp-json\/wp\/v2\/comments?post=130"}],"version-history":[{"count":6,"href":"https:\/\/www.chipude.es\/fr\/wp-json\/wp\/v2\/pages\/130\/revisions"}],"predecessor-version":[{"id":239,"href":"https:\/\/www.chipude.es\/fr\/wp-json\/wp\/v2\/pages\/130\/revisions\/239"}],"wp:attachment":[{"href":"https:\/\/www.chipude.es\/fr\/wp-json\/wp\/v2\/media?parent=130"}],"curies":[{"name":"wp","href":"https:\/\/api.w.org\/{rel}","templated":true}]}}