{"id":142,"date":"2014-11-10T23:23:08","date_gmt":"2014-11-10T23:23:08","guid":{"rendered":"https:\/\/www.chipude.es\/?page_id=142"},"modified":"2014-11-25T00:34:24","modified_gmt":"2014-11-25T00:34:24","slug":"hotel","status":"publish","type":"page","link":"https:\/\/www.chipude.es\/fr\/hotel\/","title":{"rendered":"H\u00f4tel"},"content":{"rendered":"<p><\/p>\n<p><h3><a href=\"https:\/\/www.chipude.es\/wp-content\/uploads\/2014\/11\/BAR-SONIA_-33.jpg\"><img loading=\"lazy\" decoding=\"async\" class=\"alignleft wp-image-135 size-medium\" src=\"https:\/\/www.chipude.es\/wp-content\/uploads\/2014\/11\/BAR-SONIA_-33-300x199.jpg\" alt=\"BAR SONIA_-33\" width=\"300\" height=\"199\" srcset=\"https:\/\/www.chipude.es\/wp-content\/uploads\/2014\/11\/BAR-SONIA_-33-300x199.jpg 300w, https:\/\/www.chipude.es\/wp-content\/uploads\/2014\/11\/BAR-SONIA_-33-1024x680.jpg 1024w, https:\/\/www.chipude.es\/wp-content\/uploads\/2014\/11\/BAR-SONIA_-33-225x150.jpg 225w, https:\/\/www.chipude.es\/wp-content\/uploads\/2014\/11\/BAR-SONIA_-33-150x99.jpg 150w, https:\/\/www.chipude.es\/wp-content\/uploads\/2014\/11\/BAR-SONIA_-33.jpg 1552w\" sizes=\"(max-width: 300px) 100vw, 300px\" \/><\/a><span id=\"result_box\" lang=\"en\" xml:lang=\"en\">Notre h\u00f3tel \u00e0 19 chambres pour profiter d&rsquo;un environnement calme, parfait pour s&rsquo;\u00e9chapper de la ville, pour aller en rendoner, et d\u00e9couvrir les merveilles de La Gomera.<br \/>\n<\/span><\/h3>\n<\/p>\n<p><\/p>","protected":false},"excerpt":{"rendered":"<p>Notre h\u00f3tel \u00e0 19 chambres pour profiter d&rsquo;un environnement calme, parfait pour s&rsquo;\u00e9chapper de la ville, pour aller en rendoner, et d\u00e9couvrir les merveilles de La Gomera.<\/p>\n<p> <a class=\"continue-reading-link\" href=\"https:\/\/www.chipude.es\/fr\/hotel\/\"><span>Continue reading<\/span><i class=\"crycon-right-dir\"><\/i><\/a> <\/p>\n","protected":false},"author":1,"featured_media":0,"parent":0,"menu_order":3,"comment_status":"open","ping_status":"closed","template":"","meta":{"footnotes":""},"_links":{"self":[{"href":"https:\/\/www.chipude.es\/fr\/wp-json\/wp\/v2\/pages\/142"}],"collection":[{"href":"https:\/\/www.chipude.es\/fr\/wp-json\/wp\/v2\/pages"}],"about":[{"href":"https:\/\/www.chipude.es\/fr\/wp-json\/wp\/v2\/types\/page"}],"author":[{"embeddable":true,"href":"https:\/\/www.chipude.es\/fr\/wp-json\/wp\/v2\/users\/1"}],"replies":[{"embeddable":true,"href":"https:\/\/www.chipude.es\/fr\/wp-json\/wp\/v2\/comments?post=142"}],"version-history":[{"count":5,"href":"https:\/\/www.chipude.es\/fr\/wp-json\/wp\/v2\/pages\/142\/revisions"}],"predecessor-version":[{"id":235,"href":"https:\/\/www.chipude.es\/fr\/wp-json\/wp\/v2\/pages\/142\/revisions\/235"}],"wp:attachment":[{"href":"https:\/\/www.chipude.es\/fr\/wp-json\/wp\/v2\/media?parent=142"}],"curies":[{"name":"wp","href":"https:\/\/api.w.org\/{rel}","templated":true}]}}