{"id":144,"date":"2014-11-10T23:25:01","date_gmt":"2014-11-10T23:25:01","guid":{"rendered":"https:\/\/www.chipude.es\/?page_id=144"},"modified":"2014-11-17T01:00:19","modified_gmt":"2014-11-17T01:00:19","slug":"chipude","status":"publish","type":"page","link":"https:\/\/www.chipude.es\/fr\/chipude\/","title":{"rendered":"Chipude"},"content":{"rendered":"<p><\/p>\n<p><a href=\"https:\/\/www.chipude.es\/wp-content\/uploads\/2014\/11\/ubicacion.jpg\"><img loading=\"lazy\" decoding=\"async\" class=\"alignleft wp-image-24 size-full\" src=\"https:\/\/www.chipude.es\/wp-content\/uploads\/2014\/11\/ubicacion.jpg\" alt=\"ubicacion\" width=\"300\" height=\"268\" srcset=\"https:\/\/www.chipude.es\/wp-content\/uploads\/2014\/11\/ubicacion.jpg 300w, https:\/\/www.chipude.es\/wp-content\/uploads\/2014\/11\/ubicacion-167x150.jpg 167w, https:\/\/www.chipude.es\/wp-content\/uploads\/2014\/11\/ubicacion-150x134.jpg 150w\" sizes=\"(max-width: 300px) 100vw, 300px\" \/><\/a>Chipude est une localit\u00e9 de l&rsquo;ile de La Gomera (\u00celes Canaries, Espagne) situ\u00e9 dans la partie haute de Vallehermoso.<\/p>\n<p align=\"justify\">Chipude era una <a title=\"Voz (fonolog\u00eda)\" href=\"http:\/\/es.wikipedia.org\/wiki\/Voz_%28fonolog%C3%ADa%29\">voz<\/a> en <a title=\"Idioma guanche\" href=\"http:\/\/es.wikipedia.org\/wiki\/Idioma_guanche\">lengua guanche<\/a> cuyo significado, seg\u00fan el cronista portugu\u00e9s <a title=\"Gaspar Fructuoso (a\u00fan no redactado)\" href=\"http:\/\/es.wikipedia.org\/w\/index.php?title=Gaspar_Fructuoso&amp;action=edit&amp;redlink=1\">Gaspar Fructuoso<\/a> (1590), es \u00ab\u00a0tierra de palmas\u00a0\u00bb. En muchos mapas y censos de poblaci\u00f3n aparece con la denominaci\u00f3n de Temocod\u00e1, voz tambi\u00e9n <a title=\"Guanche\" href=\"http:\/\/es.wikipedia.org\/wiki\/Guanche\">guanche<\/a>, pero que har\u00eda referencia tan s\u00f3lo a una zona concreta de Chipude&#8230;<\/p>\n<p align=\"justify\">La ocupaci\u00f3n de las tierras de <a title=\"Valle Gran Rey\" href=\"http:\/\/es.wikipedia.org\/wiki\/Valle_Gran_Rey\">Valle Gran Rey<\/a> para el cultivo de <a title=\"Ca\u00f1a de az\u00facar\" href=\"http:\/\/es.wikipedia.org\/wiki\/Ca%C3%B1a_de_az%C3%BAcar\">ca\u00f1a de az\u00facar<\/a> hizo que se roturaran las tierras altas, antes cubiertas de bosque de <a title=\"Laurisilva\" href=\"http:\/\/es.wikipedia.org\/wiki\/Laurisilva\">laurisilva<\/a>, para el cultivo de granos que abastecieran a la poblaci\u00f3n. Tambi\u00e9n se crean ermitas en Chipude (Ermita de Nuestra Se\u00f1ora de Candelaria) y <a title=\"Arure\" href=\"http:\/\/es.wikipedia.org\/wiki\/Arure\">Arure<\/a> (Ermita de San Nicol\u00e1s de Tolentino, erigida en 1515)&#8230;<\/p>\n<p align=\"justify\">A inicios del siglo XIX, la importante riqueza agr\u00edcola de Chipude estaba en manos de grandes propietarios acomodados de Vallehermoso. Esto llev\u00f3 a que tras el decreto de las <a title=\"Cortes de C\u00e1diz\" href=\"http:\/\/es.wikipedia.org\/wiki\/Cortes_de_C%C3%A1diz\">Cortes de C\u00e1diz<\/a> del 26 de mayo de 1812 por el cual se creaban los modernos municipios, Arure y Chipude se convirtieran en una nueva jurisdicci\u00f3n municipal, las presiones de los ricos propietarios absentistas de Vallehermoso hicieron incorporar el pago de Chipude a este municipio&#8230;<\/p>\n<p align=\"justify\">En 1834, Chipude contaba con 2.055 habitantes. En el a\u00f1o 2000, Chipude abarcando los barrios de <a title=\"El Cercado (Gomera) (a\u00fan no redactado)\" href=\"http:\/\/es.wikipedia.org\/w\/index.php?title=El_Cercado_%28Gomera%29&amp;action=edit&amp;redlink=1\">El Cercado<\/a> , <a title=\"Temocod\u00e1 (a\u00fan no redactado)\" href=\"http:\/\/es.wikipedia.org\/w\/index.php?title=Temocod%C3%A1&amp;action=edit&amp;redlink=1\">Temocod\u00e1<\/a>, <a title=\"La Dama (a\u00fan no redactado)\" href=\"http:\/\/es.wikipedia.org\/w\/index.php?title=La_Dama&amp;action=edit&amp;redlink=1\">La Dama<\/a>, <a title=\"La Dehesa (Gomera) (a\u00fan no redactado)\" href=\"http:\/\/es.wikipedia.org\/w\/index.php?title=La_Dehesa_%28Gomera%29&amp;action=edit&amp;redlink=1\">La Dehesa<\/a>, <a title=\"Erque(Gomera) (a\u00fan no redactado)\" href=\"http:\/\/es.wikipedia.org\/w\/index.php?title=Erque%28Gomera%29&amp;action=edit&amp;redlink=1\">Erque<\/a>, <a title=\"Erquito (a\u00fan no redactado)\" href=\"http:\/\/es.wikipedia.org\/w\/index.php?title=Erquito&amp;action=edit&amp;redlink=1\">Erquito<\/a>, <a title=\"Igualero (a\u00fan no redactado)\" href=\"http:\/\/es.wikipedia.org\/w\/index.php?title=Igualero&amp;action=edit&amp;redlink=1\">Igualero<\/a>, <a title=\"Pav\u00f3n (Gomera) (a\u00fan no redactado)\" href=\"http:\/\/es.wikipedia.org\/w\/index.php?title=Pav%C3%B3n_%28Gomera%29&amp;action=edit&amp;redlink=1\">Pav\u00f3n<\/a> y <a title=\"La Rajita (a\u00fan no redactado)\" href=\"http:\/\/es.wikipedia.org\/w\/index.php?title=La_Rajita&amp;action=edit&amp;redlink=1\">La Rajita<\/a> (es decir, toda la zona sur del municipio), contaba con 652 habitantes.<\/p>\n<p align=\"justify\"><a href=\"http:\/\/es.wikipedia.org\/wiki\/Chipude\" target=\"_blank\">Fuente: Wikipedia<\/a><\/p>\n<\/p>\n<p><\/p>","protected":false},"excerpt":{"rendered":"<p>Chipude est une localit\u00e9 de l&rsquo;ile de La Gomera (\u00celes Canaries, Espagne) situ\u00e9 dans la partie haute de Vallehermoso. Chipude era una voz en lengua guanche cuyo significado, seg\u00fan el cronista portugu\u00e9s Gaspar Fructuoso (1590), es \u00ab\u00a0tierra de palmas\u00a0\u00bb. En muchos mapas y censos de poblaci\u00f3n aparece con la denominaci\u00f3n\u2026<\/p>\n<p> <a class=\"continue-reading-link\" href=\"https:\/\/www.chipude.es\/fr\/chipude\/\"><span>Continue reading<\/span><i class=\"crycon-right-dir\"><\/i><\/a> <\/p>\n","protected":false},"author":1,"featured_media":0,"parent":0,"menu_order":5,"comment_status":"closed","ping_status":"closed","template":"","meta":{"footnotes":""},"_links":{"self":[{"href":"https:\/\/www.chipude.es\/fr\/wp-json\/wp\/v2\/pages\/144"}],"collection":[{"href":"https:\/\/www.chipude.es\/fr\/wp-json\/wp\/v2\/pages"}],"about":[{"href":"https:\/\/www.chipude.es\/fr\/wp-json\/wp\/v2\/types\/page"}],"author":[{"embeddable":true,"href":"https:\/\/www.chipude.es\/fr\/wp-json\/wp\/v2\/users\/1"}],"replies":[{"embeddable":true,"href":"https:\/\/www.chipude.es\/fr\/wp-json\/wp\/v2\/comments?post=144"}],"version-history":[{"count":7,"href":"https:\/\/www.chipude.es\/fr\/wp-json\/wp\/v2\/pages\/144\/revisions"}],"predecessor-version":[{"id":179,"href":"https:\/\/www.chipude.es\/fr\/wp-json\/wp\/v2\/pages\/144\/revisions\/179"}],"wp:attachment":[{"href":"https:\/\/www.chipude.es\/fr\/wp-json\/wp\/v2\/media?parent=144"}],"curies":[{"name":"wp","href":"https:\/\/api.w.org\/{rel}","templated":true}]}}